{"id":946,"date":"2024-11-27T16:53:53","date_gmt":"2024-11-27T19:53:53","guid":{"rendered":"http:\/\/localhost:8888\/aguasesperanzareclamos?page_id=946"},"modified":"2025-02-24T20:14:55","modified_gmt":"2025-02-24T23:14:55","slug":"about-us","status":"publish","type":"page","link":"https:\/\/aguasesperanza.innatamedia.com\/en\/about-us\/","title":{"rendered":"About Us"},"content":{"rendered":"\t\t<div data-elementor-type=\"wp-page\" data-elementor-id=\"946\" class=\"elementor elementor-946 elementor-487\" data-elementor-post-type=\"page\">\n\t\t\t\t<div class=\"elementor-element elementor-element-416ba71 e-flex e-con-boxed e-con e-parent\" data-id=\"416ba71\" data-element_type=\"container\">\n\t\t\t\t\t<div class=\"e-con-inner\">\n\t\t\t\t<div class=\"elementor-element elementor-element-af4c82e elementor-widget elementor-widget-heading\" data-id=\"af4c82e\" data-element_type=\"widget\" data-widget_type=\"heading.default\">\n\t\t\t\t<div class=\"elementor-widget-container\">\n\t\t\t\t\t<h2 class=\"elementor-heading-title elementor-size-default\">About Us<\/h2>\t\t\t\t<\/div>\n\t\t\t\t<\/div>\n\t\t\t\t<div class=\"elementor-element elementor-element-cb61418 elementor-widget__width-initial elementor-widget elementor-widget-text-editor\" data-id=\"cb61418\" data-element_type=\"widget\" data-widget_type=\"text-editor.default\">\n\t\t\t\t<div class=\"elementor-widget-container\">\n\t\t\t\t\t\t\t\t\t<p>Aguas Esperanza is a company owned by Transelec S.A. and Almar Water Solutions that provides non-desalinated saltwater supply services to Centinela and Antucoya, of Antofagasta Minerals.<\/p>\n\t\t\t\t\t\t\t\t<\/div>\n\t\t\t\t<\/div>\n\t\t<div class=\"elementor-element elementor-element-cd8971a e-con-full e-flex e-con e-child\" data-id=\"cd8971a\" data-element_type=\"container\">\n\t\t\t\t<div class=\"elementor-element elementor-element-db109f0 imgAlmar elementor-widget elementor-widget-image\" data-id=\"db109f0\" data-element_type=\"widget\" data-widget_type=\"image.default\">\n\t\t\t\t<div class=\"elementor-widget-container\">\n\t\t\t\t\t\t\t\t\t\t\t\t\t\t\t<img fetchpriority=\"high\" decoding=\"async\" width=\"800\" height=\"298\" src=\"https:\/\/aguasesperanza.innatamedia.com\/wp-content\/uploads\/2025\/02\/logo_cc0bc8e1a647bb280325a913679a9a5a_1x-1024x381.png\" class=\"attachment-large size-large wp-image-1192\" alt=\"\" srcset=\"https:\/\/aguasesperanza.innatamedia.com\/wp-content\/uploads\/2025\/02\/logo_cc0bc8e1a647bb280325a913679a9a5a_1x-1024x381.png 1024w, https:\/\/aguasesperanza.innatamedia.com\/wp-content\/uploads\/2025\/02\/logo_cc0bc8e1a647bb280325a913679a9a5a_1x-300x112.png 300w, https:\/\/aguasesperanza.innatamedia.com\/wp-content\/uploads\/2025\/02\/logo_cc0bc8e1a647bb280325a913679a9a5a_1x-768x286.png 768w, https:\/\/aguasesperanza.innatamedia.com\/wp-content\/uploads\/2025\/02\/logo_cc0bc8e1a647bb280325a913679a9a5a_1x-1536x572.png 1536w, https:\/\/aguasesperanza.innatamedia.com\/wp-content\/uploads\/2025\/02\/logo_cc0bc8e1a647bb280325a913679a9a5a_1x-2048x763.png 2048w\" sizes=\"(max-width: 800px) 100vw, 800px\" \/>\t\t\t\t\t\t\t\t\t\t\t\t\t\t\t<\/div>\n\t\t\t\t<\/div>\n\t\t\t\t<div class=\"elementor-element elementor-element-9f7d135 logoTrans elementor-widget elementor-widget-image\" data-id=\"9f7d135\" data-element_type=\"widget\" data-widget_type=\"image.default\">\n\t\t\t\t<div class=\"elementor-widget-container\">\n\t\t\t\t\t\t\t\t\t\t\t\t\t\t\t<img decoding=\"async\" width=\"800\" height=\"203\" src=\"https:\/\/aguasesperanza.innatamedia.com\/wp-content\/uploads\/2025\/02\/Logo-Transelec-alta_Mesa-de-trabajo-1-1024x260.png\" class=\"attachment-large size-large wp-image-1203\" alt=\"\" srcset=\"https:\/\/aguasesperanza.innatamedia.com\/wp-content\/uploads\/2025\/02\/Logo-Transelec-alta_Mesa-de-trabajo-1-1024x260.png 1024w, https:\/\/aguasesperanza.innatamedia.com\/wp-content\/uploads\/2025\/02\/Logo-Transelec-alta_Mesa-de-trabajo-1-300x76.png 300w, https:\/\/aguasesperanza.innatamedia.com\/wp-content\/uploads\/2025\/02\/Logo-Transelec-alta_Mesa-de-trabajo-1-768x195.png 768w, https:\/\/aguasesperanza.innatamedia.com\/wp-content\/uploads\/2025\/02\/Logo-Transelec-alta_Mesa-de-trabajo-1-1536x390.png 1536w, https:\/\/aguasesperanza.innatamedia.com\/wp-content\/uploads\/2025\/02\/Logo-Transelec-alta_Mesa-de-trabajo-1-2048x520.png 2048w\" sizes=\"(max-width: 800px) 100vw, 800px\" \/>\t\t\t\t\t\t\t\t\t\t\t\t\t\t\t<\/div>\n\t\t\t\t<\/div>\n\t\t\t\t<\/div>\n\t\t\t\t<div class=\"elementor-element elementor-element-226387b elementor-widget elementor-widget-image\" data-id=\"226387b\" data-element_type=\"widget\" data-widget_type=\"image.default\">\n\t\t\t\t<div class=\"elementor-widget-container\">\n\t\t\t\t\t\t\t\t\t\t\t\t\t\t\t<img decoding=\"async\" width=\"2560\" height=\"1156\" src=\"https:\/\/aguasesperanza.innatamedia.com\/wp-content\/uploads\/2024\/11\/nosotrosImg-scaled.jpg\" class=\"attachment-full size-full wp-image-489\" alt=\"\" srcset=\"https:\/\/aguasesperanza.innatamedia.com\/wp-content\/uploads\/2024\/11\/nosotrosImg-scaled.jpg 2560w, https:\/\/aguasesperanza.innatamedia.com\/wp-content\/uploads\/2024\/11\/nosotrosImg-300x136.jpg 300w, https:\/\/aguasesperanza.innatamedia.com\/wp-content\/uploads\/2024\/11\/nosotrosImg-1024x463.jpg 1024w, https:\/\/aguasesperanza.innatamedia.com\/wp-content\/uploads\/2024\/11\/nosotrosImg-768x347.jpg 768w, https:\/\/aguasesperanza.innatamedia.com\/wp-content\/uploads\/2024\/11\/nosotrosImg-1536x694.jpg 1536w, https:\/\/aguasesperanza.innatamedia.com\/wp-content\/uploads\/2024\/11\/nosotrosImg-2048x925.jpg 2048w\" sizes=\"(max-width: 2560px) 100vw, 2560px\" \/>\t\t\t\t\t\t\t\t\t\t\t\t\t\t\t<\/div>\n\t\t\t\t<\/div>\n\t\t\t\t\t<\/div>\n\t\t\t\t<\/div>\n\t\t<div class=\"elementor-element elementor-element-3b30a866 e-flex e-con-boxed e-con e-parent\" data-id=\"3b30a866\" data-element_type=\"container\">\n\t\t\t\t\t<div class=\"e-con-inner\">\n\t\t<div class=\"elementor-element elementor-element-54d74603 e-con-full e-flex e-con e-child\" data-id=\"54d74603\" data-element_type=\"container\">\n\t\t\t\t<div class=\"elementor-element elementor-element-28f3ac18 elementor-widget elementor-widget-heading\" data-id=\"28f3ac18\" data-element_type=\"widget\" data-widget_type=\"heading.default\">\n\t\t\t\t<div class=\"elementor-widget-container\">\n\t\t\t\t\t<h3 class=\"elementor-heading-title elementor-size-default\">Executive Team<\/h3>\t\t\t\t<\/div>\n\t\t\t\t<\/div>\n\t\t\t\t<\/div>\n\t\t<div class=\"elementor-element elementor-element-57bbd448 e-con-full e-grid e-con e-child\" data-id=\"57bbd448\" data-element_type=\"container\">\n\t\t<div class=\"elementor-element elementor-element-2233db9f e-con-full e-flex e-con e-child\" data-id=\"2233db9f\" data-element_type=\"container\">\n\t\t<div class=\"elementor-element elementor-element-62f8cb6e e-con-full e-flex e-con e-child\" data-id=\"62f8cb6e\" data-element_type=\"container\">\n\t\t\t\t<div class=\"elementor-element elementor-element-5af6a32c elementor-widget elementor-widget-image\" data-id=\"5af6a32c\" data-element_type=\"widget\" data-widget_type=\"image.default\">\n\t\t\t\t<div class=\"elementor-widget-container\">\n\t\t\t\t\t\t\t\t\t\t\t\t\t\t\t<img decoding=\"async\" src=\"https:\/\/aguasesperanza.innatamedia.com\/wp-content\/uploads\/elementor\/thumbs\/Francisco-Rodriguez-r6afjxepiu9jhl5u5gy72t0jw07egjgpwsuiof4l5o.jpg\" title=\"Francisco Rodri\u0301guez\" alt=\"Francisco Rodri\u0301guez\" loading=\"lazy\" \/>\t\t\t\t\t\t\t\t\t\t\t\t\t\t\t<\/div>\n\t\t\t\t<\/div>\n\t\t\t\t<\/div>\n\t\t\t\t<div class=\"elementor-element elementor-element-7896f2e9 elementor-widget elementor-widget-heading\" data-id=\"7896f2e9\" data-element_type=\"widget\" data-widget_type=\"heading.default\">\n\t\t\t\t<div class=\"elementor-widget-container\">\n\t\t\t\t\t<h6 class=\"elementor-heading-title elementor-size-default\">Francisco Rodr\u00edguez<\/h6>\t\t\t\t<\/div>\n\t\t\t\t<\/div>\n\t\t\t\t<div class=\"elementor-element elementor-element-44e19f2 elementor-widget elementor-widget-text-editor\" data-id=\"44e19f2\" data-element_type=\"widget\" data-widget_type=\"text-editor.default\">\n\t\t\t\t<div class=\"elementor-widget-container\">\n\t\t\t\t\t\t\t\t\t<p>CEO<\/p>\n\t\t\t\t\t\t\t\t<\/div>\n\t\t\t\t<\/div>\n\t\t\t\t<\/div>\n\t\t<div class=\"elementor-element elementor-element-7d231702 e-con-full e-flex e-con e-child\" data-id=\"7d231702\" data-element_type=\"container\">\n\t\t<div class=\"elementor-element elementor-element-29a0cdd1 e-con-full e-flex e-con e-child\" data-id=\"29a0cdd1\" data-element_type=\"container\">\n\t\t\t\t<div class=\"elementor-element elementor-element-22bc2840 elementor-widget elementor-widget-image\" data-id=\"22bc2840\" data-element_type=\"widget\" data-widget_type=\"image.default\">\n\t\t\t\t<div class=\"elementor-widget-container\">\n\t\t\t\t\t\t\t\t\t\t\t\t\t\t\t<img decoding=\"async\" src=\"https:\/\/aguasesperanza.innatamedia.com\/wp-content\/uploads\/elementor\/thumbs\/Josep-Tomas-r6afjycjpoatt74gzzctnas0he2ro8kg8xi05p36zg.jpg\" title=\"Josep Tomas\" alt=\"Josep Tomas\" loading=\"lazy\" \/>\t\t\t\t\t\t\t\t\t\t\t\t\t\t\t<\/div>\n\t\t\t\t<\/div>\n\t\t\t\t<\/div>\n\t\t\t\t<div class=\"elementor-element elementor-element-7e483c8a elementor-widget elementor-widget-heading\" data-id=\"7e483c8a\" data-element_type=\"widget\" data-widget_type=\"heading.default\">\n\t\t\t\t<div class=\"elementor-widget-container\">\n\t\t\t\t\t<h6 class=\"elementor-heading-title elementor-size-default\">Josep Tom\u00e0s<\/h6>\t\t\t\t<\/div>\n\t\t\t\t<\/div>\n\t\t\t\t<div class=\"elementor-element elementor-element-73591b62 elementor-widget elementor-widget-text-editor\" data-id=\"73591b62\" data-element_type=\"widget\" data-widget_type=\"text-editor.default\">\n\t\t\t\t<div class=\"elementor-widget-container\">\n\t\t\t\t\t\t\t\t\t<p>Operations Manager<\/p>\n\t\t\t\t\t\t\t\t<\/div>\n\t\t\t\t<\/div>\n\t\t\t\t<\/div>\n\t\t<div class=\"elementor-element elementor-element-666f40ad e-con-full e-flex e-con e-child\" data-id=\"666f40ad\" data-element_type=\"container\">\n\t\t<div class=\"elementor-element elementor-element-165a03a2 e-con-full e-flex e-con e-child\" data-id=\"165a03a2\" data-element_type=\"container\">\n\t\t\t\t<div class=\"elementor-element elementor-element-1155ecf4 elementor-widget elementor-widget-image\" data-id=\"1155ecf4\" data-element_type=\"widget\" data-widget_type=\"image.default\">\n\t\t\t\t<div class=\"elementor-widget-container\">\n\t\t\t\t\t\t\t\t\t\t\t\t\t\t\t<img decoding=\"async\" src=\"https:\/\/aguasesperanza.innatamedia.com\/wp-content\/uploads\/elementor\/thumbs\/Juan-Carlos-Felio-r6afjwgvc0895z77ayjkib93amc18uczko71755zbw.jpg\" title=\"Juan Carlos Felio\" alt=\"Juan Carlos Felio\" loading=\"lazy\" \/>\t\t\t\t\t\t\t\t\t\t\t\t\t\t\t<\/div>\n\t\t\t\t<\/div>\n\t\t\t\t<\/div>\n\t\t\t\t<div class=\"elementor-element elementor-element-544d4e5a elementor-widget elementor-widget-heading\" data-id=\"544d4e5a\" data-element_type=\"widget\" data-widget_type=\"heading.default\">\n\t\t\t\t<div class=\"elementor-widget-container\">\n\t\t\t\t\t<h6 class=\"elementor-heading-title elementor-size-default\">Juan Carlos Fel\u00edo<\/h6>\t\t\t\t<\/div>\n\t\t\t\t<\/div>\n\t\t\t\t<div class=\"elementor-element elementor-element-35dbc8ba elementor-widget elementor-widget-text-editor\" data-id=\"35dbc8ba\" data-element_type=\"widget\" data-widget_type=\"text-editor.default\">\n\t\t\t\t<div class=\"elementor-widget-container\">\n\t\t\t\t\t\t\t\t\t<p>Finance Manager<\/p>\n\t\t\t\t\t\t\t\t<\/div>\n\t\t\t\t<\/div>\n\t\t\t\t<\/div>\n\t\t<div class=\"elementor-element elementor-element-173a3cb e-con-full e-flex e-con e-child\" data-id=\"173a3cb\" data-element_type=\"container\">\n\t\t<div class=\"elementor-element elementor-element-31454e4a e-con-full e-flex e-con e-child\" data-id=\"31454e4a\" data-element_type=\"container\">\n\t\t\t\t<div class=\"elementor-element elementor-element-6e1ded4f elementor-widget elementor-widget-image\" data-id=\"6e1ded4f\" data-element_type=\"widget\" data-widget_type=\"image.default\">\n\t\t\t\t<div class=\"elementor-widget-container\">\n\t\t\t\t\t\t\t\t\t\t\t\t\t\t\t<img decoding=\"async\" src=\"https:\/\/aguasesperanza.innatamedia.com\/wp-content\/uploads\/elementor\/thumbs\/Santiago-Concha-r6afk3zkuoijquwa31sl29cs1payyf6u9pex1cuty4.jpg\" title=\"Santiago Concha\" alt=\"Santiago Concha\" loading=\"lazy\" \/>\t\t\t\t\t\t\t\t\t\t\t\t\t\t\t<\/div>\n\t\t\t\t<\/div>\n\t\t\t\t<\/div>\n\t\t\t\t<div class=\"elementor-element elementor-element-49ae5a39 elementor-widget elementor-widget-heading\" data-id=\"49ae5a39\" data-element_type=\"widget\" data-widget_type=\"heading.default\">\n\t\t\t\t<div class=\"elementor-widget-container\">\n\t\t\t\t\t<h6 class=\"elementor-heading-title elementor-size-default\">Santiago Concha<\/h6>\t\t\t\t<\/div>\n\t\t\t\t<\/div>\n\t\t\t\t<div class=\"elementor-element elementor-element-743d78b0 elementor-widget elementor-widget-text-editor\" data-id=\"743d78b0\" data-element_type=\"widget\" data-widget_type=\"text-editor.default\">\n\t\t\t\t<div class=\"elementor-widget-container\">\n\t\t\t\t\t\t\t\t\t<p><span style=\"white-space-collapse: preserve;\">Legal Manager<\/span><\/p>\n\t\t\t\t\t\t\t\t<\/div>\n\t\t\t\t<\/div>\n\t\t\t\t<\/div>\n\t\t<div class=\"elementor-element elementor-element-6075f0f2 e-con-full e-flex e-con e-child\" data-id=\"6075f0f2\" data-element_type=\"container\">\n\t\t<div class=\"elementor-element elementor-element-74c17e0e e-con-full e-flex e-con e-child\" data-id=\"74c17e0e\" data-element_type=\"container\">\n\t\t\t\t<div class=\"elementor-element elementor-element-9372d24 elementor-widget elementor-widget-image\" data-id=\"9372d24\" data-element_type=\"widget\" data-widget_type=\"image.default\">\n\t\t\t\t<div class=\"elementor-widget-container\">\n\t\t\t\t\t\t\t\t\t\t\t\t\t\t\t<img decoding=\"async\" src=\"https:\/\/aguasesperanza.innatamedia.com\/wp-content\/uploads\/elementor\/thumbs\/Juan-Carlos-Jofre-r6afjvj1566yud8kgg4xxthmp8go15998jjjpv7di4.jpg\" title=\"Juan Carlos Jofre\" alt=\"Juan Carlos Jofre\" loading=\"lazy\" \/>\t\t\t\t\t\t\t\t\t\t\t\t\t\t\t<\/div>\n\t\t\t\t<\/div>\n\t\t\t\t<\/div>\n\t\t\t\t<div class=\"elementor-element elementor-element-f70d883 elementor-widget elementor-widget-heading\" data-id=\"f70d883\" data-element_type=\"widget\" data-widget_type=\"heading.default\">\n\t\t\t\t<div class=\"elementor-widget-container\">\n\t\t\t\t\t<h6 class=\"elementor-heading-title elementor-size-default\">Juan Carlos Jofr\u00e9<\/h6>\t\t\t\t<\/div>\n\t\t\t\t<\/div>\n\t\t\t\t<div class=\"elementor-element elementor-element-2294b0c elementor-widget elementor-widget-text-editor\" data-id=\"2294b0c\" data-element_type=\"widget\" data-widget_type=\"text-editor.default\">\n\t\t\t\t<div class=\"elementor-widget-container\">\n\t\t\t\t\t\t\t\t\t<p><span style=\"white-space-collapse: preserve;\">Sustainability Manager<\/span><\/p>\n\t\t\t\t\t\t\t\t<\/div>\n\t\t\t\t<\/div>\n\t\t\t\t<\/div>\n\t\t<div class=\"elementor-element elementor-element-1884b11d e-con-full e-flex e-con e-child\" data-id=\"1884b11d\" data-element_type=\"container\">\n\t\t<div class=\"elementor-element elementor-element-e292094 e-con-full e-flex e-con e-child\" data-id=\"e292094\" data-element_type=\"container\">\n\t\t\t\t<div class=\"elementor-element elementor-element-24f0214c elementor-widget elementor-widget-image\" data-id=\"24f0214c\" data-element_type=\"widget\" data-widget_type=\"image.default\">\n\t\t\t\t<div class=\"elementor-widget-container\">\n\t\t\t\t\t\t\t\t\t\t\t\t\t\t\t<img decoding=\"async\" src=\"https:\/\/aguasesperanza.innatamedia.com\/wp-content\/uploads\/elementor\/thumbs\/Jose-Agustin-Errazuriz-r6afk7qxm0np1aqth3f3c8emf8sft7lrm80uygp998.jpg\" title=\"Jose Agustin Errazuriz\" alt=\"Jose Agustin Errazuriz\" loading=\"lazy\" \/>\t\t\t\t\t\t\t\t\t\t\t\t\t\t\t<\/div>\n\t\t\t\t<\/div>\n\t\t\t\t<\/div>\n\t\t\t\t<div class=\"elementor-element elementor-element-69a3709f elementor-widget elementor-widget-heading\" data-id=\"69a3709f\" data-element_type=\"widget\" data-widget_type=\"heading.default\">\n\t\t\t\t<div class=\"elementor-widget-container\">\n\t\t\t\t\t<h6 class=\"elementor-heading-title elementor-size-default\">Jos\u00e9 Agust\u00edn Err\u00e1zuriz<\/h6>\t\t\t\t<\/div>\n\t\t\t\t<\/div>\n\t\t\t\t<div class=\"elementor-element elementor-element-77f933a elementor-widget elementor-widget-text-editor\" data-id=\"77f933a\" data-element_type=\"widget\" data-widget_type=\"text-editor.default\">\n\t\t\t\t<div class=\"elementor-widget-container\">\n\t\t\t\t\t\t\t\t\t<p>Technical Office Manager<\/p>\n\t\t\t\t\t\t\t\t<\/div>\n\t\t\t\t<\/div>\n\t\t\t\t<\/div>\n\t\t\t\t<\/div>\n\t\t\t\t\t<\/div>\n\t\t\t\t<\/div>\n\t\t<div class=\"elementor-element elementor-element-3ab8ba7 e-flex e-con-boxed e-con e-parent\" data-id=\"3ab8ba7\" data-element_type=\"container\" data-settings=\"{&quot;background_background&quot;:&quot;classic&quot;}\">\n\t\t\t\t\t<div class=\"e-con-inner\">\n\t\t<div class=\"elementor-element elementor-element-f3ad953 e-con-full e-flex e-con e-child\" data-id=\"f3ad953\" data-element_type=\"container\">\n\t\t\t\t<div class=\"elementor-element elementor-element-dcddcd3 elementor-widget elementor-widget-heading\" data-id=\"dcddcd3\" data-element_type=\"widget\" data-widget_type=\"heading.default\">\n\t\t\t\t<div class=\"elementor-widget-container\">\n\t\t\t\t\t<h4 class=\"elementor-heading-title elementor-size-default\">Contractors<\/h4>\t\t\t\t<\/div>\n\t\t\t\t<\/div>\n\t\t\t\t<div class=\"elementor-element elementor-element-fd74caa elementor-widget elementor-widget-text-editor\" data-id=\"fd74caa\" data-element_type=\"widget\" data-widget_type=\"text-editor.default\">\n\t\t\t\t<div class=\"elementor-widget-container\">\n\t\t\t\t\t\t\t\t\t<p>We operate and build together with:<\/p>\n\t\t\t\t\t\t\t\t<\/div>\n\t\t\t\t<\/div>\n\t\t\t\t<\/div>\n\t\t<div class=\"elementor-element elementor-element-edd71ef e-con-full e-flex e-con e-child\" data-id=\"edd71ef\" data-element_type=\"container\">\n\t\t\t\t<div class=\"elementor-element elementor-element-cac9350 elementor-widget elementor-widget-image\" data-id=\"cac9350\" data-element_type=\"widget\" data-widget_type=\"image.default\">\n\t\t\t\t<div class=\"elementor-widget-container\">\n\t\t\t\t\t\t\t\t\t\t\t\t\t\t\t<img decoding=\"async\" src=\"https:\/\/aguasesperanza.innatamedia.com\/wp-content\/uploads\/elementor\/thumbs\/logo-1-1-r6afjl6rgzcsgsxk5zo9u1mvklefqrg02jmlhrmycy.png\" title=\"logo-1 1\" alt=\"logo-1 1\" loading=\"lazy\" \/>\t\t\t\t\t\t\t\t\t\t\t\t\t\t\t<\/div>\n\t\t\t\t<\/div>\n\t\t\t\t<div class=\"elementor-element elementor-element-16b70d4 elementor-widget elementor-widget-image\" data-id=\"16b70d4\" data-element_type=\"widget\" data-widget_type=\"image.default\">\n\t\t\t\t<div class=\"elementor-widget-container\">\n\t\t\t\t\t\t\t\t\t\t\t\t\t\t\t<img decoding=\"async\" src=\"https:\/\/aguasesperanza.innatamedia.com\/wp-content\/uploads\/elementor\/thumbs\/skic-logo-2022-blanco-1-r6afjelwba4syxifueqi5g47wl3woi3bdej840gmmq.png\" title=\"skic-logo-2022-blanco 1\" alt=\"skic-logo-2022-blanco 1\" loading=\"lazy\" \/>\t\t\t\t\t\t\t\t\t\t\t\t\t\t\t<\/div>\n\t\t\t\t<\/div>\n\t\t\t\t<div class=\"elementor-element elementor-element-fd3a190 elementor-widget elementor-widget-image\" data-id=\"fd3a190\" data-element_type=\"widget\" data-widget_type=\"image.default\">\n\t\t\t\t<div class=\"elementor-widget-container\">\n\t\t\t\t\t\t\t\t\t\t\t\t\t\t\t<img decoding=\"async\" src=\"https:\/\/aguasesperanza.innatamedia.com\/wp-content\/uploads\/elementor\/thumbs\/nordes_spa_logo-1-r6afjo09ng969kyfvte5zurdy165tkrcfh2pew99bg.png\" title=\"nordes_spa_logo 1\" alt=\"nordes_spa_logo 1\" loading=\"lazy\" \/>\t\t\t\t\t\t\t\t\t\t\t\t\t\t\t<\/div>\n\t\t\t\t<\/div>\n\t\t\t\t<\/div>\n\t\t\t\t\t<\/div>\n\t\t\t\t<\/div>\n\t\t\t\t<\/div>\n\t\t","protected":false},"excerpt":{"rendered":"<p>About Us Aguas Esperanza is a company owned by Transelec S.A. and Almar Water Solutions that provides non-desalinated saltwater supply services to Centinela and Antucoya, of Antofagasta Minerals. Executive Team Francisco Rodr\u00edguez CEO Josep Tom\u00e0s Operations Manager Juan Carlos Fel\u00edo Finance Manager Santiago Concha Legal Manager Juan Carlos Jofr\u00e9 Sustainability Manager Jos\u00e9 Agust\u00edn Err\u00e1zuriz Technical [&hellip;]<\/p>\n","protected":false},"author":1,"featured_media":0,"parent":0,"menu_order":0,"comment_status":"closed","ping_status":"closed","template":"","meta":{"inline_featured_image":false,"footnotes":""},"class_list":["post-946","page","type-page","status-publish","hentry"],"_links":{"self":[{"href":"https:\/\/aguasesperanza.innatamedia.com\/en\/wp-json\/wp\/v2\/pages\/946","targetHints":{"allow":["GET"]}}],"collection":[{"href":"https:\/\/aguasesperanza.innatamedia.com\/en\/wp-json\/wp\/v2\/pages"}],"about":[{"href":"https:\/\/aguasesperanza.innatamedia.com\/en\/wp-json\/wp\/v2\/types\/page"}],"author":[{"embeddable":true,"href":"https:\/\/aguasesperanza.innatamedia.com\/en\/wp-json\/wp\/v2\/users\/1"}],"replies":[{"embeddable":true,"href":"https:\/\/aguasesperanza.innatamedia.com\/en\/wp-json\/wp\/v2\/comments?post=946"}],"version-history":[{"count":7,"href":"https:\/\/aguasesperanza.innatamedia.com\/en\/wp-json\/wp\/v2\/pages\/946\/revisions"}],"predecessor-version":[{"id":1208,"href":"https:\/\/aguasesperanza.innatamedia.com\/en\/wp-json\/wp\/v2\/pages\/946\/revisions\/1208"}],"wp:attachment":[{"href":"https:\/\/aguasesperanza.innatamedia.com\/en\/wp-json\/wp\/v2\/media?parent=946"}],"curies":[{"name":"wp","href":"https:\/\/api.w.org\/{rel}","templated":true}]}}